{"id":1063,"date":"2025-11-04T16:49:54","date_gmt":"2025-11-04T13:49:54","guid":{"rendered":"https:\/\/the-taxi.at\/?page_id=1063"},"modified":"2025-11-04T16:52:18","modified_gmt":"2025-11-04T13:52:18","slug":"legal-notice","status":"publish","type":"page","link":"https:\/\/the-taxi.at\/de\/legal-notice\/","title":{"rendered":"Legal Notice"},"content":{"rendered":"<div data-elementor-type=\"wp-page\" data-elementor-id=\"1063\" class=\"elementor elementor-1063\" data-elementor-post-type=\"page\">\n\t\t\t\t<div class=\"elementor-element elementor-element-649700e e-flex e-con-boxed e-con e-parent\" data-id=\"649700e\" data-element_type=\"container\" data-e-type=\"container\">\n\t\t\t\t\t<div class=\"e-con-inner\">\n\t\t\t\t<div class=\"elementor-element elementor-element-deee29a elementor-widget elementor-widget-heading\" data-id=\"deee29a\" data-element_type=\"widget\" data-e-type=\"widget\" data-widget_type=\"heading.default\">\n\t\t\t\t\t<h2 class=\"elementor-heading-title elementor-size-default\">Impressum\u200b<\/h2>\t\t\t\t<\/div>\n\t\t\t\t<div class=\"elementor-element elementor-element-d4463cf elementor-widget elementor-widget-text-editor\" data-id=\"d4463cf\" data-element_type=\"widget\" data-e-type=\"widget\" data-widget_type=\"text-editor.default\">\n\t\t\t\t\t\t\t\t\t<p>Angaben gem\u00e4\u00df \u00a7 5 TMG (f\u00fcr Deutschland) und \u00a7 5 ECG (f\u00fcr \u00d6sterreich)<br \/>The Taxi<br \/>A-6580 St. Anton am Arlberg.<\/p><p>Vertreten durch:<br \/>Ing. Samet \u00dclger<\/p><p><b>Kontakt<\/b><b><br \/><\/b>Tel: +43 676 4417350<br \/>E-Mail: info@the-taxi.at<\/p><p><b>Umsatzsteuer-Identifikationsnummer (UID):<\/b>\u00a0ATU77623626<\/p><p><b>Haftungsausschluss (Disclaimer)<\/b><\/p><p><b>Haftung f\u00fcr Inhalte<\/b><b><br \/><\/b>Als Diensteanbieter sind wir gem\u00e4\u00df \u00a7 7 Abs.1 TMG und \u00a7 5 ECG f\u00fcr eigene Inhalte auf diesen Seiten nach den allgemeinen Gesetzen verantwortlich. Nach \u00a7\u00a7 8 bis 10 TMG bzw. ECG sind wir als Diensteanbieter jedoch nicht verpflichtet, \u00fcbermittelte oder gespeicherte fremde Informationen zu \u00fcberwachen oder nach Umst\u00e4nden zu forschen, die auf eine rechtswidrige T\u00e4tigkeit hinweisen. Verpflichtungen zur Entfernung oder Sperrung der Nutzung von Informationen nach den allgemeinen Gesetzen bleiben hiervon unber\u00fchrt. Eine diesbez\u00fcgliche Haftung ist jedoch erst ab dem Zeitpunkt der Kenntnis einer konkreten Rechtsverletzung m\u00f6glich. Bei Bekanntwerden von entsprechenden Rechtsverletzungen werden wir diese Inhalte umgehend entfernen.<\/p><p><b>Haftung f\u00fcr Links<\/b><b><br \/><\/b>Unser Angebot enth\u00e4lt Links zu externen Webseiten Dritter, auf deren Inhalte wir keinen Einfluss haben. Deshalb k\u00f6nnen wir f\u00fcr diese fremden Inhalte auch keine Gew\u00e4hr \u00fcbernehmen. F\u00fcr die Inhalte der verlinkten Seiten ist stets der jeweilige Anbieter oder Betreiber der Seiten verantwortlich. Die verlinkten Seiten wurden zum Zeitpunkt der Verlinkung auf m\u00f6gliche Rechtsverst\u00f6\u00dfe \u00fcberpr\u00fcft. Rechtswidrige Inhalte waren zum Zeitpunkt der Verlinkung nicht erkennbar. Eine permanente inhaltliche Kontrolle der verlinkten Seiten ist jedoch ohne konkrete Anhaltspunkte einer Rechtsverletzung nicht zumutbar. Bei Bekanntwerden von Rechtsverletzungen werden wir derartige Links umgehend entfernen.<\/p><p><b>Urheberrecht<\/b><b><br \/><\/b>Die durch die Seitenbetreiber erstellten Inhalte und Werke auf diesen Seiten unterliegen dem \u00f6sterreichischen und deutschen Urheberrecht. Die Vervielf\u00e4ltigung, Bearbeitung, Verbreitung und jede Art der Verwertung au\u00dferhalb der Grenzen des Urheberrechtes bed\u00fcrfen der schriftlichen Zustimmung des jeweiligen Autors bzw. Erstellers. Downloads und Kopien dieser Seite sind nur f\u00fcr den privaten, nicht kommerziellen Gebrauch gestattet. Soweit die Inhalte auf dieser Seite nicht vom Betreiber erstellt wurden, werden die Urheberrechte Dritter beachtet. Insbesondere werden Inhalte Dritter als solche gekennzeichnet. Sollten Sie trotzdem auf eine Urheberrechtsverletzung aufmerksam werden, bitten wir um einen entsprechenden Hinweis. Bei Bekanntwerden von Rechtsverletzungen werden wir derartige Inhalte umgehend entfernen.<\/p><p><b>Webdesign und technische Umsetzung<\/b><b><br \/><\/b>Aven Creative \u2013 avencreative.com<\/p><p><b>Haftungsausschluss f\u00fcr Webdesign und technische Umsetzung<\/b><\/p><p>Aven Creative hat die Webseite von\u00a0<b>The Taxi<\/b>\u00a0mit gr\u00f6\u00dftm\u00f6glicher Sorgfalt entworfen und technisch umgesetzt. Wir \u00fcbernehmen jedoch keine Haftung f\u00fcr die Richtigkeit, Vollst\u00e4ndigkeit oder Aktualit\u00e4t der bereitgestellten Inhalte auf dieser Webseite. F\u00fcr etwaige Sch\u00e4den, die direkt oder indirekt durch die Nutzung dieser Webseite entstehen, wird eine Haftung von Aven Creative ausgeschlossen, sofern kein vors\u00e4tzliches oder grob fahrl\u00e4ssiges Verschulden vorliegt.<\/p><p>Die Inhalte der Webseite sowie die technische Umsetzung werden regelm\u00e4\u00dfig \u00fcberpr\u00fcft und aktualisiert. Trotz aller Sorgfalt k\u00f6nnen Fehler oder technische St\u00f6rungen nicht ausgeschlossen werden. Aven Creative haftet nicht f\u00fcr Unterbrechungen, Ausf\u00e4lle oder Funktionsst\u00f6rungen der Webseite, die auf technische Probleme oder Wartungsarbeiten zur\u00fcckzuf\u00fchren sind.<\/p><p>F\u00fcr die Inhalte von extern verlinkten Seiten \u00fcbernehmen wir keine Verantwortung. Diese liegen ausschlie\u00dflich im Verantwortungsbereich des jeweiligen Anbieters.<\/p>\t\t\t\t\t\t\t\t<\/div>\n\t\t\t\t\t<\/div>\n\t\t\t\t<\/div>\n\t\t\t\t<\/div>","protected":false},"excerpt":{"rendered":"<p>Impressum\u200b Angaben gem\u00e4\u00df \u00a7 5 TMG (f\u00fcr Deutschland) und \u00a7 5 ECG (f\u00fcr \u00d6sterreich)The TaxiA-6580 St. Anton am Arlberg. Vertreten durch:Ing. Samet \u00dclger KontaktTel: +43 676 4417350E-Mail: info@the-taxi.at Umsatzsteuer-Identifikationsnummer (UID):\u00a0ATU77623626 Haftungsausschluss (Disclaimer) Haftung f\u00fcr InhalteAls Diensteanbieter sind wir gem\u00e4\u00df \u00a7 7 Abs.1 TMG und \u00a7 5 ECG f\u00fcr eigene Inhalte auf diesen Seiten nach den [&hellip;]<\/p>","protected":false},"author":1,"featured_media":0,"parent":0,"menu_order":0,"comment_status":"closed","ping_status":"closed","template":"","meta":{"footnotes":""},"class_list":["post-1063","page","type-page","status-publish","hentry"],"_links":{"self":[{"href":"https:\/\/the-taxi.at\/de\/wp-json\/wp\/v2\/pages\/1063","targetHints":{"allow":["GET"]}}],"collection":[{"href":"https:\/\/the-taxi.at\/de\/wp-json\/wp\/v2\/pages"}],"about":[{"href":"https:\/\/the-taxi.at\/de\/wp-json\/wp\/v2\/types\/page"}],"author":[{"embeddable":true,"href":"https:\/\/the-taxi.at\/de\/wp-json\/wp\/v2\/users\/1"}],"replies":[{"embeddable":true,"href":"https:\/\/the-taxi.at\/de\/wp-json\/wp\/v2\/comments?post=1063"}],"version-history":[{"count":7,"href":"https:\/\/the-taxi.at\/de\/wp-json\/wp\/v2\/pages\/1063\/revisions"}],"predecessor-version":[{"id":1071,"href":"https:\/\/the-taxi.at\/de\/wp-json\/wp\/v2\/pages\/1063\/revisions\/1071"}],"wp:attachment":[{"href":"https:\/\/the-taxi.at\/de\/wp-json\/wp\/v2\/media?parent=1063"}],"curies":[{"name":"wp","href":"https:\/\/api.w.org\/{rel}","templated":true}]}}