{"id":1050,"date":"2025-11-04T16:46:41","date_gmt":"2025-11-04T13:46:41","guid":{"rendered":"https:\/\/the-taxi.at\/?page_id=1050"},"modified":"2025-11-04T16:55:23","modified_gmt":"2025-11-04T13:55:23","slug":"cookie-policy","status":"publish","type":"page","link":"https:\/\/the-taxi.at\/de\/cookie-policy\/","title":{"rendered":"Cookie Policy"},"content":{"rendered":"<div data-elementor-type=\"wp-page\" data-elementor-id=\"1050\" class=\"elementor elementor-1050\" data-elementor-post-type=\"page\">\n\t\t\t\t<div class=\"elementor-element elementor-element-5e67e79 e-flex e-con-boxed e-con e-parent\" data-id=\"5e67e79\" data-element_type=\"container\" data-e-type=\"container\">\n\t\t\t\t\t<div class=\"e-con-inner\">\n\t\t\t\t<div class=\"elementor-element elementor-element-b2b54dc elementor-widget elementor-widget-heading\" data-id=\"b2b54dc\" data-element_type=\"widget\" data-e-type=\"widget\" data-widget_type=\"heading.default\">\n\t\t\t\t\t<h2 class=\"elementor-heading-title elementor-size-default\">Cookie-Richtlinie<\/h2>\t\t\t\t<\/div>\n\t\t\t\t<div class=\"elementor-element elementor-element-def7ae6 elementor-widget elementor-widget-text-editor\" data-id=\"def7ae6\" data-element_type=\"widget\" data-e-type=\"widget\" data-widget_type=\"text-editor.default\">\n\t\t\t\t\t\t\t\t\t<p><b>The Taxi St. Anton am Arlberg<\/b>\u00a0respektiert Ihre Privatsph\u00e4re und legt gro\u00dfen Wert auf den Schutz Ihrer pers\u00f6nlichen Daten. Diese Cookie-Richtlinie wurde gem\u00e4\u00df den deutschen und \u00f6sterreichischen Datenschutzgesetzen (insbesondere der\u00a0<b>DSGVO \u2013 Datenschutz-Grundverordnung<\/b>) erstellt. Auf dieser Seite informieren wir Sie \u00fcber die auf unserer Website verwendeten Cookies, welche Daten wir sammeln und wie wir diese Informationen verwenden.<\/p><h3><b>1. Was sind Cookies?<\/b><\/h3><p>Cookies sind kleine Datendateien, die beim Besuch einer Website von Ihrem Browser auf Ihrem Ger\u00e4t abgelegt werden. Diese Dateien sammeln und speichern bestimmte Informationen \u00fcber den Besucher der Website und helfen dabei, die Website zu optimieren. Cookies identifizieren in der Regel nicht den Benutzer, sondern verfolgen, wie die Website genutzt wird.<\/p><h3><b>2. Welche Arten von Cookies verwenden wir?<\/b><\/h3><p>Auf unserer Website verwenden wir verschiedene Arten von Cookies. Diese Cookies erf\u00fcllen die folgenden Funktionen:<\/p><h4><b>a. Notwendige (essenzielle) Cookies<\/b><\/h4><p>Diese Cookies sind f\u00fcr das ordnungsgem\u00e4\u00dfe Funktionieren unserer Website unerl\u00e4sslich. Sie erm\u00f6glichen grundlegende Funktionen wie das Anmelden oder den Zugriff auf sichere Bereiche der Website. Ohne diese Cookies k\u00f6nnen die von Ihnen angeforderten Dienste nicht bereitgestellt werden.<\/p><h4><b>b. Funktionale Cookies<\/b><\/h4><p>Funktionale Cookies verbessern und personalisieren die Benutzererfahrung auf unserer Website. Sie speichern beispielsweise Ihre Spracheinstellungen oder verbessern die visuelle Leistung der Website.<\/p><h4><b>c. Leistungs- und Analyse-Cookies<\/b><\/h4><p>Diese Cookies sammeln Informationen dar\u00fcber, wie Sie unsere Website nutzen. Sie zeigen zum Beispiel an, welche Seiten am h\u00e4ufigsten besucht werden oder ob Fehler aufgetreten sind. Diese Daten werden anonym gesammelt und nur zur Verbesserung der Website-Leistung verwendet.<\/p><h4><b>d. Werbe- und Targeting-Cookies<\/b><\/h4><p>Diese Cookies werden verwendet, um personalisierte Werbung basierend auf Ihren Interessen anzuzeigen und sicherzustellen, dass dieselben Anzeigen nicht wiederholt angezeigt werden. Sie k\u00f6nnen von Drittanbietern platziert werden, die Werbedienste bereitstellen.<\/p><h3><b>3. Zweck der Verwendung von Cookies<\/b><\/h3><p>Wir verwenden Cookies zu folgenden Zwecken:<\/p><ul><li aria-level=\"1\"><b>Erforderliche Funktionen<\/b>: Sicherstellen, dass die Website ordnungsgem\u00e4\u00df funktioniert.<\/li><li aria-level=\"1\"><b>Benutzereinstellungen<\/b>: Bereitstellen von Inhalten, die auf die Vorlieben der Besucher abgestimmt sind.<\/li><li aria-level=\"1\"><b>Website-Verbesserungen<\/b>: Optimierung der Leistung und Funktionalit\u00e4t der Website.<\/li><li aria-level=\"1\"><b>Marketing<\/b>: Bereitstellung gezielter Werbung und personalisierter Marketingkampagnen.<\/li><\/ul><h3><b>4. Cookies von Drittanbietern<\/b><\/h3><p>Unsere Website kann Cookies enthalten, die von Drittanbietern wie Google Analytics gesetzt werden. Diese Cookies dienen dazu, die Nutzung unserer Website zu analysieren oder Werbedienste zu personalisieren. F\u00fcr weitere Informationen \u00fcber Cookies von Drittanbietern empfehlen wir Ihnen, deren Datenschutzrichtlinien zu lesen.<\/p><ul><li aria-level=\"1\"><b>Google Analytics<\/b>: \u00dcberwacht den Website-Verkehr und das Nutzerverhalten. Die Verwendung von Google Analytics erfolgt in \u00dcbereinstimmung mit den Datenschutzgesetzen der EU. Die gesammelten Daten sind anonym und enthalten keine pers\u00f6nlichen Informationen. Um Google Analytics-Cookies zu deaktivieren, besuchen Sie bitte die Google Analytics Opt-out Seite.<\/li><\/ul><h3><b>5. Verwaltung und Zustimmung zu Cookies<\/b><\/h3><p>Wir legen gro\u00dfen Wert auf die Kontrolle, die unsere Besucher \u00fcber die Verwendung von Cookies haben. Beim Besuch unserer Website k\u00f6nnen Sie entscheiden, ob Sie der Verwendung von Cookies zustimmen m\u00f6chten. Dar\u00fcber hinaus k\u00f6nnen Sie Cookies \u00fcber Ihre Browsereinstellungen akzeptieren oder ablehnen. Das Deaktivieren bestimmter Cookies kann jedoch die Funktionalit\u00e4t unserer Website einschr\u00e4nken.<\/p><p><b>Zustimmungsanforderung:<\/b><b><br \/><\/b>Gem\u00e4\u00df den deutschen und \u00f6sterreichischen Gesetzen haben Sie das Recht, die Verwendung von nicht notwendigen Cookies zu akzeptieren oder abzulehnen. Daher wird Ihnen beim ersten Besuch unserer Website ein Cookie-Banner angezeigt, in dem Sie Ihre Cookie-Pr\u00e4ferenzen festlegen k\u00f6nnen.<\/p><h3><b>6. Schutz der Daten<\/b><\/h3><p>Die durch Cookies gesammelten personenbezogenen Daten werden in \u00dcbereinstimmung mit dem\u00a0<b>Bundesdatenschutzgesetz (BDSG)<\/b>\u00a0in Deutschland und dem\u00a0<b>Datenschutzgesetz (DSG)<\/b>\u00a0in \u00d6sterreich verarbeitet. Dar\u00fcber hinaus werden die in der\u00a0<b>DSGVO<\/b>\u00a0(Datenschutz-Grundverordnung) gew\u00e4hrten Rechte der betroffenen Personen gewahrt und durchgesetzt.<\/p><h3><b>7. Deaktivierung von Cookies<\/b><\/h3><p>Sie k\u00f6nnen Cookies jederzeit \u00fcber Ihre Browsereinstellungen entfernen oder blockieren. Weitere Informationen dazu finden Sie im Hilfe-Bereich Ihres Browsers. Sie k\u00f6nnen auch Cookies von Drittanbietern, wie z. B. Google Analytics, \u00fcber die entsprechenden Einstellungen dieser Dienste deaktivieren.<\/p><h3><b>8. Aktualisierungen<\/b><\/h3><p>Diese Cookie-Richtlinie kann von Zeit zu Zeit aktualisiert werden. Bei \u00c4nderungen finden Sie die aktualisierten Informationen auf dieser Seite. Wir empfehlen Ihnen, unsere Cookie-Richtlinie regelm\u00e4\u00dfig zu \u00fcberpr\u00fcfen.<\/p>\t\t\t\t\t\t\t\t<\/div>\n\t\t\t\t\t<\/div>\n\t\t\t\t<\/div>\n\t\t\t\t<\/div>","protected":false},"excerpt":{"rendered":"<p>Cookie-Richtlinie The Taxi St. Anton am Arlberg\u00a0respektiert Ihre Privatsph\u00e4re und legt gro\u00dfen Wert auf den Schutz Ihrer pers\u00f6nlichen Daten. Diese Cookie-Richtlinie wurde gem\u00e4\u00df den deutschen und \u00f6sterreichischen Datenschutzgesetzen (insbesondere der\u00a0DSGVO \u2013 Datenschutz-Grundverordnung) erstellt. Auf dieser Seite informieren wir Sie \u00fcber die auf unserer Website verwendeten Cookies, welche Daten wir sammeln und wie wir diese Informationen [&hellip;]<\/p>","protected":false},"author":1,"featured_media":0,"parent":0,"menu_order":0,"comment_status":"closed","ping_status":"closed","template":"","meta":{"footnotes":""},"class_list":["post-1050","page","type-page","status-publish","hentry"],"_links":{"self":[{"href":"https:\/\/the-taxi.at\/de\/wp-json\/wp\/v2\/pages\/1050","targetHints":{"allow":["GET"]}}],"collection":[{"href":"https:\/\/the-taxi.at\/de\/wp-json\/wp\/v2\/pages"}],"about":[{"href":"https:\/\/the-taxi.at\/de\/wp-json\/wp\/v2\/types\/page"}],"author":[{"embeddable":true,"href":"https:\/\/the-taxi.at\/de\/wp-json\/wp\/v2\/users\/1"}],"replies":[{"embeddable":true,"href":"https:\/\/the-taxi.at\/de\/wp-json\/wp\/v2\/comments?post=1050"}],"version-history":[{"count":7,"href":"https:\/\/the-taxi.at\/de\/wp-json\/wp\/v2\/pages\/1050\/revisions"}],"predecessor-version":[{"id":1077,"href":"https:\/\/the-taxi.at\/de\/wp-json\/wp\/v2\/pages\/1050\/revisions\/1077"}],"wp:attachment":[{"href":"https:\/\/the-taxi.at\/de\/wp-json\/wp\/v2\/media?parent=1050"}],"curies":[{"name":"wp","href":"https:\/\/api.w.org\/{rel}","templated":true}]}}