{"id":1042,"date":"2025-11-04T16:37:12","date_gmt":"2025-11-04T13:37:12","guid":{"rendered":"https:\/\/the-taxi.at\/?page_id=1042"},"modified":"2025-11-04T16:40:09","modified_gmt":"2025-11-04T13:40:09","slug":"terms-and-conditions","status":"publish","type":"page","link":"https:\/\/the-taxi.at\/de\/terms-and-conditions\/","title":{"rendered":"Terms and Conditions"},"content":{"rendered":"<div data-elementor-type=\"wp-page\" data-elementor-id=\"1042\" class=\"elementor elementor-1042\" data-elementor-post-type=\"page\">\n\t\t\t\t<div class=\"elementor-element elementor-element-a806b76 e-flex e-con-boxed e-con e-parent\" data-id=\"a806b76\" data-element_type=\"container\" data-e-type=\"container\">\n\t\t\t\t\t<div class=\"e-con-inner\">\n\t\t\t\t<div class=\"elementor-element elementor-element-bef1f68 elementor-widget elementor-widget-heading\" data-id=\"bef1f68\" data-element_type=\"widget\" data-e-type=\"widget\" data-widget_type=\"heading.default\">\n\t\t\t\t\t<h2 class=\"elementor-heading-title elementor-size-default\">Allgemeine Gesch\u00e4ftsbedingungen<\/h2>\t\t\t\t<\/div>\n\t\t\t\t<div class=\"elementor-element elementor-element-9fc5a2a elementor-widget elementor-widget-text-editor\" data-id=\"9fc5a2a\" data-element_type=\"widget\" data-e-type=\"widget\" data-widget_type=\"text-editor.default\">\n\t\t\t\t\t\t\t\t\t<p><b>The Taxi<\/b>\u00a0wird im Folgenden als\u00a0<b>\u201cDienstleister\u201d<\/b>\u00a0bezeichnet.<br \/>Sofern nicht ausdr\u00fccklich anders vereinbart, gelten die folgenden allgemeinen Gesch\u00e4ftsbedingungen f\u00fcr alle vom \u201cDienstleister\u201d in St. Anton am Arlberg erbrachten Dienstleistungen.<\/p><p><b>Haftungsbestimmungen<\/b><b><br \/><\/b>Der \u201cDienstleister\u201d (the-taxi.at) haftet gem\u00e4\u00df den gesetzlichen Bestimmungen nur f\u00fcr Sch\u00e4den, die direkt mit den erbrachten Dienstleistungen in Zusammenhang stehen.<\/p><p>Der \u201cDienstleister\u201d \u00fcbernimmt keine Haftung f\u00fcr verpasste Abfahrtszeiten. Dar\u00fcber hinaus werden keine Folgekosten oder zus\u00e4tzlichen Kosten aufgrund verpasster Abfahrten \u00fcbernommen. In solchen F\u00e4llen wird der volle Fahrpreis berechnet und es erfolgt keine R\u00fcckerstattung. Der \u201cDienstleister\u201d haftet auch nicht f\u00fcr wetterbedingte Verz\u00f6gerungen, Staus, Stra\u00dfenbauarbeiten, Stra\u00dfensperrungen oder andere unvorhergesehene Ereignisse, die au\u00dferhalb unseres Einflussbereichs liegen.<\/p><p>F\u00fcr Gep\u00e4ck, dessen Inhalt, Tiere, pers\u00f6nliche Gegenst\u00e4nde jeglicher Art, einschlie\u00dflich elektronischer Ger\u00e4te und Waren, wird keine Haftung \u00fcbernommen.<\/p><p><b>Bedingungen f\u00fcr Reservierungen<\/b><b><br \/><\/b>Transferfahrten k\u00f6nnen online oder telefonisch gebucht werden. Reservierungen au\u00dferhalb der unmittelbaren Umgebung von St. Anton (bis zu 30 km) sind nur nach schriftlicher Best\u00e4tigung durch den \u201cDienstleister\u201d (the-taxi.at) g\u00fcltig. Sollten unvorhersehbare Ereignisse wie Staus, wetterbedingte Verz\u00f6gerungen oder Unf\u00e4lle auftreten, beh\u00e4lt sich der \u201cDienstleister\u201d das Recht vor, die geplante Fahrt abzusagen oder zu \u00e4ndern. In solchen F\u00e4llen bem\u00fcht sich der \u201cDienstleister\u201d, ein Ersatzfahrzeug bereitzustellen. Wartezeiten m\u00fcssen akzeptiert werden. Der vereinbarte Fahrpreis bleibt dennoch g\u00fcltig.<\/p><p><b>Angebote, Online-Preisanfragen und Preisliste<\/b><b><br \/><\/b>Alle Angebote sind unverbindlich. Die Annahme des Vertrages und der Leistungsumfang gelten nur nach schriftlicher Auftragsbest\u00e4tigung. M\u00fcndliche oder telefonische Nebenabreden sind nur mit ausdr\u00fccklicher schriftlicher Best\u00e4tigung verbindlich. Alle von uns angegebenen Preise verstehen sich in Euro und beinhalten, sofern nicht anders angegeben, die gesetzliche Mehrwertsteuer. Preislisten sind ohne Gew\u00e4hr. F\u00fcr Druckfehler wird keine Haftung \u00fcbernommen.<\/p><p><b>Zahlungsbedingungen<\/b><b><br \/><\/b>Sofern keine anderen schriftlichen Vereinbarungen getroffen wurden, ist das Entgelt f\u00fcr die erbrachte Dienstleistung unmittelbar nach der Leistungserbringung bar oder per Kreditkarte an den Fahrer zu entrichten. Bei Zahlungsverzug des Kunden\/Bestellers ist der \u201cDienstleister\u201d berechtigt, Verzugszinsen in H\u00f6he von 9 % pro Jahr zu verlangen. Anspr\u00fcche auf Ersatz h\u00f6heren Schadens bleiben unber\u00fchrt.<\/p><p><b>Vertrags- und Stornierungsbedingungen<\/b><b><br \/><\/b>Mit der Auftragsbest\u00e4tigung entsteht ein rechtsverbindlicher Vertrag. Wenn Sie den Service nicht in Anspruch nehmen m\u00f6chten, m\u00fcssen Sie uns dies mitteilen. Preisvereinbarungen beziehen sich nur auf die festgelegte Strecke und die angegebene Fahrzeit. Wird die tats\u00e4chlich zur\u00fcckgelegte Strecke aus Gr\u00fcnden, die im Verantwortungsbereich des Kunden oder der Fahrg\u00e4ste liegen, \u00fcberschritten, fallen zus\u00e4tzliche Kosten an.<\/p><p>Stornierungen m\u00fcssen schriftlich per E-Mail erfolgen.<\/p><p><b>Stornogeb\u00fchren:<\/b><b><br \/><\/b>Kostenlose Stornierung bis 24 Stunden vor der geplanten Abfahrt. Bei wichtigen Gr\u00fcnden wird eine Stornierung bis zu einem Tag vor der Abreise ebenfalls kostenlos akzeptiert.<br \/>Stornierungen weniger als 10 Stunden vor der Abfahrt oder bei \u201cNo Show\u201d (Nicht-Erscheinen): Es werden 50 % der Transportgeb\u00fchr berechnet.<br \/>F\u00fcr kurzfristige Stornierungen: Es werden 20 % der Transportgeb\u00fchr zur Deckung der bereits angefallenen Kosten berechnet.<\/p><p><b>Erf\u00fcllungsort, Gerichtsstand und Rechtswahl<\/b><b><br \/><\/b>Erf\u00fcllungsort: A-6580 St. Anton am Arlberg.<br \/>Gerichtsstand: F\u00fcr die Beilegung aller Streitigkeiten aus diesem Vertrag ist ausschlie\u00dflich das f\u00fcr den Sitz des Unternehmens \u00f6rtlich zust\u00e4ndige Gericht zust\u00e4ndig.<br \/>Rechtswahl: Es gilt das materielle Recht der Republik \u00d6sterreich. Die Anwendbarkeit des UN-Kaufrechts ist ausgeschlossen. Vertragssprache ist Deutsch.<\/p><p><b>Rechtliche G\u00fcltigkeit<\/b><b><br \/><\/b>Sollten einzelne Bestimmungen dieser Allgemeinen Gesch\u00e4ftsbedingungen unwirksam sein, bleibt die G\u00fcltigkeit der \u00fcbrigen Bestimmungen unber\u00fchrt. Die unwirksame Bestimmung ist durch eine solche zu ersetzen, die der unwirksamen Bestimmung wirtschaftlich am n\u00e4chsten kommt.<\/p>\t\t\t\t\t\t\t\t<\/div>\n\t\t\t\t\t<\/div>\n\t\t\t\t<\/div>\n\t\t\t\t<\/div>","protected":false},"excerpt":{"rendered":"<p>Allgemeine Gesch\u00e4ftsbedingungen The Taxi\u00a0wird im Folgenden als\u00a0\u201cDienstleister\u201d\u00a0bezeichnet.Sofern nicht ausdr\u00fccklich anders vereinbart, gelten die folgenden allgemeinen Gesch\u00e4ftsbedingungen f\u00fcr alle vom \u201cDienstleister\u201d in St. Anton am Arlberg erbrachten Dienstleistungen. HaftungsbestimmungenDer \u201cDienstleister\u201d (the-taxi.at) haftet gem\u00e4\u00df den gesetzlichen Bestimmungen nur f\u00fcr Sch\u00e4den, die direkt mit den erbrachten Dienstleistungen in Zusammenhang stehen. Der \u201cDienstleister\u201d \u00fcbernimmt keine Haftung f\u00fcr verpasste Abfahrtszeiten. [&hellip;]<\/p>","protected":false},"author":1,"featured_media":0,"parent":0,"menu_order":0,"comment_status":"closed","ping_status":"closed","template":"","meta":{"footnotes":""},"class_list":["post-1042","page","type-page","status-publish","hentry"],"_links":{"self":[{"href":"https:\/\/the-taxi.at\/de\/wp-json\/wp\/v2\/pages\/1042","targetHints":{"allow":["GET"]}}],"collection":[{"href":"https:\/\/the-taxi.at\/de\/wp-json\/wp\/v2\/pages"}],"about":[{"href":"https:\/\/the-taxi.at\/de\/wp-json\/wp\/v2\/types\/page"}],"author":[{"embeddable":true,"href":"https:\/\/the-taxi.at\/de\/wp-json\/wp\/v2\/users\/1"}],"replies":[{"embeddable":true,"href":"https:\/\/the-taxi.at\/de\/wp-json\/wp\/v2\/comments?post=1042"}],"version-history":[{"count":7,"href":"https:\/\/the-taxi.at\/de\/wp-json\/wp\/v2\/pages\/1042\/revisions"}],"predecessor-version":[{"id":1049,"href":"https:\/\/the-taxi.at\/de\/wp-json\/wp\/v2\/pages\/1042\/revisions\/1049"}],"wp:attachment":[{"href":"https:\/\/the-taxi.at\/de\/wp-json\/wp\/v2\/media?parent=1042"}],"curies":[{"name":"wp","href":"https:\/\/api.w.org\/{rel}","templated":true}]}}